{"id":362,"date":"2025-12-12T15:24:17","date_gmt":"2025-12-12T15:24:17","guid":{"rendered":"https:\/\/certpro-ev.ca\/?page_id=362"},"modified":"2025-12-12T15:52:36","modified_gmt":"2025-12-12T15:52:36","slug":"a-propos","status":"publish","type":"page","link":"https:\/\/certpro-ev.ca\/fr\/a-propos\/","title":{"rendered":"\u00c0 propos"},"content":{"rendered":"<p>[et_pb_section fb_built=\u00a0\u00bb1&Prime; custom_padding_last_edited=\u00a0\u00bbon|tablet\u00a0\u00bb admin_label=\u00a0\u00bbHero Section\u00a0\u00bb _builder_version=\u00a0\u00bb4.27.4&Prime; background_color=\u00a0\u00bb#3644af\u00a0\u00bb background_image=\u00a0\u00bbhttps:\/\/certpro-ev.ca\/wp-content\/uploads\/2025\/12\/about-us-header.webp\u00a0\u00bb custom_padding=\u00a0\u00bb100px|0px|100px|0px\u00a0\u00bb custom_padding_tablet=\u00a0\u00bb|||\u00a0\u00bb custom_padding_phone=\u00a0\u00bb|||\u00a0\u00bb global_colors_info=\u00a0\u00bb{}\u00a0\u00bb][et_pb_row _builder_version=\u00a0\u00bb4.16&Prime; custom_padding=\u00a0\u00bb|||\u00a0\u00bb animation_style=\u00a0\u00bbslide\u00a0\u00bb animation_direction=\u00a0\u00bbbottom\u00a0\u00bb animation_intensity_slide=\u00a0\u00bb10%\u00a0\u00bb global_colors_info=\u00a0\u00bb{}\u00a0\u00bb][et_pb_column type=\u00a0\u00bb4_4&Prime; _builder_version=\u00a0\u00bb4.16&Prime; custom_padding=\u00a0\u00bb|||\u00a0\u00bb global_colors_info=\u00a0\u00bb{}\u00a0\u00bb custom_padding__hover=\u00a0\u00bb|||\u00a0\u00bb][et_pb_text admin_label=\u00a0\u00bbTitle and subhead\u00a0\u00bb _builder_version=\u00a0\u00bb4.27.4&Prime; text_font=\u00a0\u00bbMontserrat|700|||||||\u00a0\u00bb text_text_color=\u00a0\u00bb#FFFFFF\u00a0\u00bb text_font_size=\u00a0\u00bb16px\u00a0\u00bb text_line_height=\u00a0\u00bb1.8em\u00a0\u00bb header_font=\u00a0\u00bbMontserrat|700|||||||\u00a0\u00bb header_text_color=\u00a0\u00bb#FFFFFF\u00a0\u00bb header_font_size=\u00a0\u00bb72px\u00a0\u00bb header_line_height=\u00a0\u00bb1.4em\u00a0\u00bb header_2_font=\u00a0\u00bb||||||||\u00a0\u00bb text_orientation=\u00a0\u00bbcenter\u00a0\u00bb max_width=\u00a0\u00bb600px\u00a0\u00bb module_alignment=\u00a0\u00bbcenter\u00a0\u00bb hover_enabled=\u00a0\u00bb0&Prime; header_font_size_tablet=\u00a0\u00bb\u00a0\u00bb header_font_size_phone=\u00a0\u00bb40px\u00a0\u00bb header_font_size_last_edited=\u00a0\u00bbon|desktop\u00a0\u00bb locked=\u00a0\u00bboff\u00a0\u00bb global_colors_info=\u00a0\u00bb{}\u00a0\u00bb sticky_enabled=\u00a0\u00bb0&Prime;]<\/p>\n<h1>\u00c0 propos<\/h1>\n<p>Engag\u00e9s envers la s\u00e9curit\u00e9, la pr\u00e9cision et la fiabilit\u00e9 <br \/>\u00e0 long terme de chaque syst\u00e8me de recharge que nous inspectons.<\/p>\n<p>[\/et_pb_text][\/et_pb_column][\/et_pb_row][\/et_pb_section][et_pb_section fb_built=\u00a0\u00bb1&Prime; _builder_version=\u00a0\u00bb4.16&Prime; background_color=\u00a0\u00bb#f7f7f7&Prime; global_colors_info=\u00a0\u00bb{}\u00a0\u00bb][et_pb_row column_structure=\u00a0\u00bb1_3,1_3,1_3&Prime; _builder_version=\u00a0\u00bb4.27.4&Prime; background_size=\u00a0\u00bbinitial\u00a0\u00bb background_position=\u00a0\u00bbtop_left\u00a0\u00bb background_repeat=\u00a0\u00bbrepeat\u00a0\u00bb global_colors_info=\u00a0\u00bb{}\u00a0\u00bb][et_pb_column type=\u00a0\u00bb1_3&Prime; _builder_version=\u00a0\u00bb4.16&Prime; custom_padding=\u00a0\u00bb|||\u00a0\u00bb global_colors_info=\u00a0\u00bb{}\u00a0\u00bb custom_padding__hover=\u00a0\u00bb|||\u00a0\u00bb][et_pb_text _builder_version=\u00a0\u00bb4.27.4&Prime; header_font=\u00a0\u00bb|600|||||||\u00a0\u00bb background_size=\u00a0\u00bbinitial\u00a0\u00bb background_position=\u00a0\u00bbtop_left\u00a0\u00bb background_repeat=\u00a0\u00bbrepeat\u00a0\u00bb hover_enabled=\u00a0\u00bb0&Prime; global_colors_info=\u00a0\u00bb{}\u00a0\u00bb header_font_size=\u00a0\u00bb24px\u00a0\u00bb sticky_enabled=\u00a0\u00bb0&Prime;]<\/p>\n<h1>\u00c0 PROPOS DE CERTPROEV<\/h1>\n<p>N\u00e9 d\u2019une passion pour l\u2019innovation et l\u2019excellence \u00e9lectrique, CertPro EV a \u00e9t\u00e9 fond\u00e9 pour r\u00e9pondre au besoin croissant d\u2019un entretien fiable et certifi\u00e9 des syst\u00e8mes de recharge pour v\u00e9hicules \u00e9lectriques.<br \/>\u00c9tablie dans l\u2019<strong>Ouest-de-l\u2019\u00cele de Montr\u00e9al<\/strong>, notre \u00e9quipe poss\u00e8de de nombreuses ann\u00e9es d\u2019exp\u00e9rience sur le terrain, autant en \u00e9lectricit\u00e9 r\u00e9sidentielle que commerciale, et se consacre aujourd\u2019hui enti\u00e8rement \u00e0 l\u2019avenir du transport \u00e9lectrique.<\/p>\n<p>[\/et_pb_text][\/et_pb_column][et_pb_column type=\u00a0\u00bb1_3&Prime; _builder_version=\u00a0\u00bb4.16&Prime; custom_padding=\u00a0\u00bb|||\u00a0\u00bb global_colors_info=\u00a0\u00bb{}\u00a0\u00bb custom_padding__hover=\u00a0\u00bb|||\u00a0\u00bb][et_pb_text _builder_version=\u00a0\u00bb4.27.4&Prime; background_size=\u00a0\u00bbinitial\u00a0\u00bb background_position=\u00a0\u00bbtop_left\u00a0\u00bb background_repeat=\u00a0\u00bbrepeat\u00a0\u00bb hover_enabled=\u00a0\u00bb0&Prime; global_colors_info=\u00a0\u00bb{}\u00a0\u00bb sticky_enabled=\u00a0\u00bb0&Prime;]<\/p>\n<p>Ce qui distingue <strong>CertProEV<\/strong>, c\u2019est notre engagement \u00e0 faire bien plus que de simples inspections. Nous combinons des outils de diagnostic avanc\u00e9s, une expertise technique approfondie et un r\u00e9el souci de la s\u00e9curit\u00e9 afin d\u2019assurer que chaque borne de recharge fonctionne \u00e0 son plein potentiel \u2014 aujourd\u2019hui comme pour les ann\u00e9es \u00e0 venir. Nos techniciens certifi\u00e9s ne se contentent pas de v\u00e9rifier l\u2019\u00e9quipement : ils accompagnent nos clients en leur expliquant comment optimiser et entretenir leur syst\u00e8me pour une efficacit\u00e9 et une fiabilit\u00e9 maximales.<\/p>\n<p>[\/et_pb_text][\/et_pb_column][et_pb_column type=\u00a0\u00bb1_3&Prime; _builder_version=\u00a0\u00bb4.16&Prime; custom_padding=\u00a0\u00bb|||\u00a0\u00bb global_colors_info=\u00a0\u00bb{}\u00a0\u00bb custom_padding__hover=\u00a0\u00bb|||\u00a0\u00bb][et_pb_text _builder_version=\u00a0\u00bb4.27.4&Prime; background_size=\u00a0\u00bbinitial\u00a0\u00bb background_position=\u00a0\u00bbtop_left\u00a0\u00bb background_repeat=\u00a0\u00bbrepeat\u00a0\u00bb hover_enabled=\u00a0\u00bb0&Prime; global_colors_info=\u00a0\u00bb{}\u00a0\u00bb sticky_enabled=\u00a0\u00bb0&Prime;]<\/p>\n<p>Notre mission est simple :<br \/><strong>assurer que chaque syst\u00e8me de recharge fonctionne de mani\u00e8re s\u00e9curitaire, efficace et fiable.<\/strong><\/p>\n<p>Gr\u00e2ce \u00e0 des tests \u00e9lectriques d\u00e9taill\u00e9s, des inspections compl\u00e8tes et des certifications conformes aux normes les plus \u00e9lev\u00e9es de l&rsquo;industrie, CertPro EV garantit un travail rigoureux et pr\u00e9cis \u2014 qu\u2019il s\u2019agisse d\u2019installations r\u00e9sidentielles, commerciales ou municipales.<\/p>\n<p>[\/et_pb_text][\/et_pb_column][\/et_pb_row][et_pb_row _builder_version=\u00a0\u00bb4.27.4&Prime; background_size=\u00a0\u00bbinitial\u00a0\u00bb background_position=\u00a0\u00bbtop_left\u00a0\u00bb background_repeat=\u00a0\u00bbrepeat\u00a0\u00bb global_colors_info=\u00a0\u00bb{}\u00a0\u00bb][et_pb_column type=\u00a0\u00bb4_4&Prime; _builder_version=\u00a0\u00bb4.16&Prime; custom_padding=\u00a0\u00bb|||\u00a0\u00bb global_colors_info=\u00a0\u00bb{}\u00a0\u00bb custom_padding__hover=\u00a0\u00bb|||\u00a0\u00bb][et_pb_tabs active_tab_text_color=\u00a0\u00bb#07A6A5&Prime; _builder_version=\u00a0\u00bb4.27.4&Prime; _module_preset=\u00a0\u00bbdefault\u00a0\u00bb hover_enabled=\u00a0\u00bb0&Prime; global_colors_info=\u00a0\u00bb{}\u00a0\u00bb active_tab_text_color__hover_enabled=\u00a0\u00bbon|desktop\u00a0\u00bb active_tab_text_color__hover=\u00a0\u00bb#107DCE\u00a0\u00bb sticky_enabled=\u00a0\u00bb0&Prime;][et_pb_tab title=\u00a0\u00bbNos ann\u00e9es d&rsquo;exp\u00e9rience\u00a0\u00bb _builder_version=\u00a0\u00bb4.27.4&Prime; _module_preset=\u00a0\u00bbdefault\u00a0\u00bb hover_enabled=\u00a0\u00bb0&Prime; global_colors_info=\u00a0\u00bb{}\u00a0\u00bb sticky_enabled=\u00a0\u00bb0&Prime;]<\/p>\n<p>Plus de 10 ans d\u2019exp\u00e9rience en \u00e9lectricit\u00e9 r\u00e9sidentielle et commerciale, et en syst\u00e8mes de recharge EV.<\/p>\n<p>[\/et_pb_tab][et_pb_tab title=\u00a0\u00bbTests certifi\u00e9s\u00a0\u00bb _builder_version=\u00a0\u00bb4.27.4&Prime; _module_preset=\u00a0\u00bbdefault\u00a0\u00bb hover_enabled=\u00a0\u00bb0&Prime; global_colors_info=\u00a0\u00bb{}\u00a0\u00bb sticky_enabled=\u00a0\u00bb0&Prime;]<\/p>\n<p>\u00c9quip\u00e9s d\u2019outils de diagnostic conformes aux normes de l\u2019industrie pour les tests EVSE.<\/p>\n<p>[\/et_pb_tab][et_pb_tab title=\u00a0\u00bbZone de couverture\u00a0\u00bb _builder_version=\u00a0\u00bb4.27.4&Prime; _module_preset=\u00a0\u00bbdefault\u00a0\u00bb hover_enabled=\u00a0\u00bb0&Prime; global_colors_info=\u00a0\u00bb{}\u00a0\u00bb sticky_enabled=\u00a0\u00bb0&Prime;]<\/p>\n<p>Service offert \u00e0 <strong>Montr\u00e9al<\/strong>, <strong>West Island et environs.<\/strong><\/p>\n<p>[\/et_pb_tab][et_pb_tab title=\u00a0\u00bbToutes les grandes marques\u00a0\u00bb _builder_version=\u00a0\u00bb4.27.4&Prime; _module_preset=\u00a0\u00bbdefault\u00a0\u00bb hover_enabled=\u00a0\u00bb0&Prime; global_colors_info=\u00a0\u00bb{}\u00a0\u00bb sticky_enabled=\u00a0\u00bb0&Prime;]<\/p>\n<p>Inspection de marques telles que FLO, Tesla, ChargePoint, Wallbox, JuiceBox, etc.<\/p>\n<p>[\/et_pb_tab][\/et_pb_tabs][\/et_pb_column][\/et_pb_row][et_pb_row column_structure=\u00a0\u00bb1_4,1_4,1_4,1_4&Prime; _builder_version=\u00a0\u00bb4.16&Prime; background_size=\u00a0\u00bbinitial\u00a0\u00bb background_position=\u00a0\u00bbtop_left\u00a0\u00bb background_repeat=\u00a0\u00bbrepeat\u00a0\u00bb global_colors_info=\u00a0\u00bb{}\u00a0\u00bb][et_pb_column type=\u00a0\u00bb1_4&Prime; _builder_version=\u00a0\u00bb4.16&Prime; custom_padding=\u00a0\u00bb|||\u00a0\u00bb global_colors_info=\u00a0\u00bb{}\u00a0\u00bb custom_padding__hover=\u00a0\u00bb|||\u00a0\u00bb][et_pb_blurb title=\u00a0\u00bbTechniciens certifi\u00e9s\u00a0\u00bb use_icon=\u00a0\u00bbon\u00a0\u00bb font_icon=\u00a0\u00bb&#xf5e7;||fa||900&Prime; icon_color=\u00a0\u00bb#1DBA7F\u00a0\u00bb _builder_version=\u00a0\u00bb4.27.4&Prime; background_size=\u00a0\u00bbinitial\u00a0\u00bb background_position=\u00a0\u00bbtop_left\u00a0\u00bb background_repeat=\u00a0\u00bbrepeat\u00a0\u00bb text_orientation=\u00a0\u00bbcenter\u00a0\u00bb hover_enabled=\u00a0\u00bb0&Prime; image_max_width=\u00a0\u00bbnone\u00a0\u00bb global_colors_info=\u00a0\u00bb{}\u00a0\u00bb sticky_enabled=\u00a0\u00bb0&Prime;]Techniciens certifi\u00e9s en diagnostic de bornes et s\u00e9curit\u00e9 \u00e9lectrique.[\/et_pb_blurb][\/et_pb_column][et_pb_column type=\u00a0\u00bb1_4&Prime; _builder_version=\u00a0\u00bb4.16&Prime; custom_padding=\u00a0\u00bb|||\u00a0\u00bb global_colors_info=\u00a0\u00bb{}\u00a0\u00bb custom_padding__hover=\u00a0\u00bb|||\u00a0\u00bb][et_pb_blurb title=\u00a0\u00bbOutils avanc\u00e9s\u00a0\u00bb use_icon=\u00a0\u00bbon\u00a0\u00bb font_icon=\u00a0\u00bb&#xf5e7;||fa||900&Prime; icon_color=\u00a0\u00bb#07A6A5&Prime; _builder_version=\u00a0\u00bb4.27.4&Prime; background_size=\u00a0\u00bbinitial\u00a0\u00bb background_position=\u00a0\u00bbtop_left\u00a0\u00bb background_repeat=\u00a0\u00bbrepeat\u00a0\u00bb text_orientation=\u00a0\u00bbcenter\u00a0\u00bb hover_enabled=\u00a0\u00bb0&Prime; image_max_width=\u00a0\u00bbnone\u00a0\u00bb global_colors_info=\u00a0\u00bb{}\u00a0\u00bb sticky_enabled=\u00a0\u00bb0&Prime;]Outils avanc\u00e9s pour l\u2019analyse des formes d\u2019onde, GFCI et mise \u00e0 la terre.[\/et_pb_blurb][\/et_pb_column][et_pb_column type=\u00a0\u00bb1_4&Prime; _builder_version=\u00a0\u00bb4.16&Prime; custom_padding=\u00a0\u00bb|||\u00a0\u00bb global_colors_info=\u00a0\u00bb{}\u00a0\u00bb custom_padding__hover=\u00a0\u00bb|||\u00a0\u00bb][et_pb_blurb title=\u00a0\u00bbLa s\u00e9curit\u00e9 avant tout\u00a0\u00bb use_icon=\u00a0\u00bbon\u00a0\u00bb font_icon=\u00a0\u00bb&#xf5e7;||fa||900&Prime; icon_color=\u00a0\u00bb#107DCE\u00a0\u00bb _builder_version=\u00a0\u00bb4.27.4&Prime; background_size=\u00a0\u00bbinitial\u00a0\u00bb background_position=\u00a0\u00bbtop_left\u00a0\u00bb background_repeat=\u00a0\u00bbrepeat\u00a0\u00bb text_orientation=\u00a0\u00bbcenter\u00a0\u00bb hover_enabled=\u00a0\u00bb0&Prime; global_colors_info=\u00a0\u00bb{}\u00a0\u00bb sticky_enabled=\u00a0\u00bb0&Prime;]Priorit\u00e9 \u00e0 la s\u00e9curit\u00e9 \u00e9lectrique et la conformit\u00e9 aux codes.[\/et_pb_blurb][\/et_pb_column][et_pb_column type=\u00a0\u00bb1_4&Prime; _builder_version=\u00a0\u00bb4.16&Prime; custom_padding=\u00a0\u00bb|||\u00a0\u00bb global_colors_info=\u00a0\u00bb{}\u00a0\u00bb custom_padding__hover=\u00a0\u00bb|||\u00a0\u00bb][et_pb_blurb title=\u00a0\u00bbRapports fiables\u00a0\u00bb use_icon=\u00a0\u00bbon\u00a0\u00bb font_icon=\u00a0\u00bb&#xf5e7;||fa||900&Prime; icon_color=\u00a0\u00bb#0061A1&Prime; _builder_version=\u00a0\u00bb4.27.4&Prime; background_size=\u00a0\u00bbinitial\u00a0\u00bb background_position=\u00a0\u00bbtop_left\u00a0\u00bb background_repeat=\u00a0\u00bbrepeat\u00a0\u00bb text_orientation=\u00a0\u00bbcenter\u00a0\u00bb hover_enabled=\u00a0\u00bb0&Prime; global_colors_info=\u00a0\u00bb{}\u00a0\u00bb sticky_enabled=\u00a0\u00bb0&Prime;]Rapports clairs et exploitables pour les particuliers, entreprises et municipalit\u00e9s.[\/et_pb_blurb][\/et_pb_column][\/et_pb_row][\/et_pb_section]<\/p>\n","protected":false},"excerpt":{"rendered":"<p>\u00c0 propos Engag\u00e9s envers la s\u00e9curit\u00e9, la pr\u00e9cision et la fiabilit\u00e9 \u00e0 long terme de chaque syst\u00e8me de recharge que nous inspectons.\u00c0 PROPOS DE CERTPROEV N\u00e9 d\u2019une passion pour l\u2019innovation et l\u2019excellence \u00e9lectrique, CertPro EV a \u00e9t\u00e9 fond\u00e9 pour r\u00e9pondre au besoin croissant d\u2019un entretien fiable et certifi\u00e9 des syst\u00e8mes de recharge pour v\u00e9hicules \u00e9lectriques.\u00c9tablie [&hellip;]<\/p>\n","protected":false},"author":1,"featured_media":0,"parent":0,"menu_order":0,"comment_status":"closed","ping_status":"closed","template":"","meta":{"_et_pb_use_builder":"on","_et_pb_old_content":"","_et_gb_content_width":"","footnotes":""},"class_list":["post-362","page","type-page","status-publish","hentry"],"yoast_head":"<!-- This site is optimized with the Yoast SEO plugin v27.0 - https:\/\/yoast.com\/product\/yoast-seo-wordpress\/ -->\n<title>\u00c0 propos - Cert-Pro EV<\/title>\n<meta name=\"robots\" content=\"index, follow, max-snippet:-1, max-image-preview:large, max-video-preview:-1\" \/>\n<link rel=\"canonical\" href=\"https:\/\/certpro-ev.ca\/fr\/a-propos\/\" \/>\n<meta property=\"og:locale\" content=\"fr_FR\" \/>\n<meta property=\"og:type\" content=\"article\" \/>\n<meta property=\"og:title\" content=\"\u00c0 propos - Cert-Pro EV\" \/>\n<meta property=\"og:description\" content=\"\u00c0 propos Engag\u00e9s envers la s\u00e9curit\u00e9, la pr\u00e9cision et la fiabilit\u00e9 \u00e0 long terme de chaque syst\u00e8me de recharge que nous inspectons.\u00c0 PROPOS DE CERTPROEV N\u00e9 d\u2019une passion pour l\u2019innovation et l\u2019excellence \u00e9lectrique, CertPro EV a \u00e9t\u00e9 fond\u00e9 pour r\u00e9pondre au besoin croissant d\u2019un entretien fiable et certifi\u00e9 des syst\u00e8mes de recharge pour v\u00e9hicules \u00e9lectriques.\u00c9tablie [&hellip;]\" \/>\n<meta property=\"og:url\" content=\"https:\/\/certpro-ev.ca\/fr\/a-propos\/\" \/>\n<meta property=\"og:site_name\" content=\"Cert-Pro EV\" \/>\n<meta property=\"article:modified_time\" content=\"2025-12-12T15:52:36+00:00\" \/>\n<meta name=\"twitter:card\" content=\"summary_large_image\" \/>\n<meta name=\"twitter:label1\" content=\"Dur\u00e9e de lecture estim\u00e9e\" \/>\n\t<meta name=\"twitter:data1\" content=\"2 minutes\" \/>\n<script type=\"application\/ld+json\" class=\"yoast-schema-graph\">{\"@context\":\"https:\/\/schema.org\",\"@graph\":[{\"@type\":\"WebPage\",\"@id\":\"https:\/\/certpro-ev.ca\/fr\/a-propos\/\",\"url\":\"https:\/\/certpro-ev.ca\/fr\/a-propos\/\",\"name\":\"\u00c0 propos - Cert-Pro EV\",\"isPartOf\":{\"@id\":\"https:\/\/certpro-ev.ca\/fr\/#website\"},\"datePublished\":\"2025-12-12T15:24:17+00:00\",\"dateModified\":\"2025-12-12T15:52:36+00:00\",\"breadcrumb\":{\"@id\":\"https:\/\/certpro-ev.ca\/fr\/a-propos\/#breadcrumb\"},\"inLanguage\":\"fr-FR\",\"potentialAction\":[{\"@type\":\"ReadAction\",\"target\":[\"https:\/\/certpro-ev.ca\/fr\/a-propos\/\"]}]},{\"@type\":\"BreadcrumbList\",\"@id\":\"https:\/\/certpro-ev.ca\/fr\/a-propos\/#breadcrumb\",\"itemListElement\":[{\"@type\":\"ListItem\",\"position\":1,\"name\":\"Home\",\"item\":\"https:\/\/certpro-ev.ca\/fr\/\"},{\"@type\":\"ListItem\",\"position\":2,\"name\":\"\u00c0 propos\"}]},{\"@type\":\"WebSite\",\"@id\":\"https:\/\/certpro-ev.ca\/fr\/#website\",\"url\":\"https:\/\/certpro-ev.ca\/fr\/\",\"name\":\"Cert-Pro EV\",\"description\":\"EV Charger Maintenance &amp; Certification Montreal\",\"potentialAction\":[{\"@type\":\"SearchAction\",\"target\":{\"@type\":\"EntryPoint\",\"urlTemplate\":\"https:\/\/certpro-ev.ca\/fr\/?s={search_term_string}\"},\"query-input\":{\"@type\":\"PropertyValueSpecification\",\"valueRequired\":true,\"valueName\":\"search_term_string\"}}],\"inLanguage\":\"fr-FR\"}]}<\/script>\n<!-- \/ Yoast SEO plugin. -->","yoast_head_json":{"title":"\u00c0 propos - Cert-Pro EV","robots":{"index":"index","follow":"follow","max-snippet":"max-snippet:-1","max-image-preview":"max-image-preview:large","max-video-preview":"max-video-preview:-1"},"canonical":"https:\/\/certpro-ev.ca\/fr\/a-propos\/","og_locale":"fr_FR","og_type":"article","og_title":"\u00c0 propos - Cert-Pro EV","og_description":"\u00c0 propos Engag\u00e9s envers la s\u00e9curit\u00e9, la pr\u00e9cision et la fiabilit\u00e9 \u00e0 long terme de chaque syst\u00e8me de recharge que nous inspectons.\u00c0 PROPOS DE CERTPROEV N\u00e9 d\u2019une passion pour l\u2019innovation et l\u2019excellence \u00e9lectrique, CertPro EV a \u00e9t\u00e9 fond\u00e9 pour r\u00e9pondre au besoin croissant d\u2019un entretien fiable et certifi\u00e9 des syst\u00e8mes de recharge pour v\u00e9hicules \u00e9lectriques.\u00c9tablie [&hellip;]","og_url":"https:\/\/certpro-ev.ca\/fr\/a-propos\/","og_site_name":"Cert-Pro EV","article_modified_time":"2025-12-12T15:52:36+00:00","twitter_card":"summary_large_image","twitter_misc":{"Dur\u00e9e de lecture estim\u00e9e":"2 minutes"},"schema":{"@context":"https:\/\/schema.org","@graph":[{"@type":"WebPage","@id":"https:\/\/certpro-ev.ca\/fr\/a-propos\/","url":"https:\/\/certpro-ev.ca\/fr\/a-propos\/","name":"\u00c0 propos - Cert-Pro EV","isPartOf":{"@id":"https:\/\/certpro-ev.ca\/fr\/#website"},"datePublished":"2025-12-12T15:24:17+00:00","dateModified":"2025-12-12T15:52:36+00:00","breadcrumb":{"@id":"https:\/\/certpro-ev.ca\/fr\/a-propos\/#breadcrumb"},"inLanguage":"fr-FR","potentialAction":[{"@type":"ReadAction","target":["https:\/\/certpro-ev.ca\/fr\/a-propos\/"]}]},{"@type":"BreadcrumbList","@id":"https:\/\/certpro-ev.ca\/fr\/a-propos\/#breadcrumb","itemListElement":[{"@type":"ListItem","position":1,"name":"Home","item":"https:\/\/certpro-ev.ca\/fr\/"},{"@type":"ListItem","position":2,"name":"\u00c0 propos"}]},{"@type":"WebSite","@id":"https:\/\/certpro-ev.ca\/fr\/#website","url":"https:\/\/certpro-ev.ca\/fr\/","name":"Cert-Pro EV","description":"EV Charger Maintenance &amp; Certification Montreal","potentialAction":[{"@type":"SearchAction","target":{"@type":"EntryPoint","urlTemplate":"https:\/\/certpro-ev.ca\/fr\/?s={search_term_string}"},"query-input":{"@type":"PropertyValueSpecification","valueRequired":true,"valueName":"search_term_string"}}],"inLanguage":"fr-FR"}]}},"_links":{"self":[{"href":"https:\/\/certpro-ev.ca\/fr\/wp-json\/wp\/v2\/pages\/362","targetHints":{"allow":["GET"]}}],"collection":[{"href":"https:\/\/certpro-ev.ca\/fr\/wp-json\/wp\/v2\/pages"}],"about":[{"href":"https:\/\/certpro-ev.ca\/fr\/wp-json\/wp\/v2\/types\/page"}],"author":[{"embeddable":true,"href":"https:\/\/certpro-ev.ca\/fr\/wp-json\/wp\/v2\/users\/1"}],"replies":[{"embeddable":true,"href":"https:\/\/certpro-ev.ca\/fr\/wp-json\/wp\/v2\/comments?post=362"}],"version-history":[{"count":9,"href":"https:\/\/certpro-ev.ca\/fr\/wp-json\/wp\/v2\/pages\/362\/revisions"}],"predecessor-version":[{"id":375,"href":"https:\/\/certpro-ev.ca\/fr\/wp-json\/wp\/v2\/pages\/362\/revisions\/375"}],"wp:attachment":[{"href":"https:\/\/certpro-ev.ca\/fr\/wp-json\/wp\/v2\/media?parent=362"}],"curies":[{"name":"wp","href":"https:\/\/api.w.org\/{rel}","templated":true}]}}